{"id":3979,"date":"2023-12-15T16:50:00","date_gmt":"2023-12-15T16:50:00","guid":{"rendered":"https:\/\/theritestore.com\/product\/body-lotion-bergamot-hinoki\/"},"modified":"2023-12-15T16:50:00","modified_gmt":"2023-12-15T16:50:00","slug":"body-lotion-bergamot-hinoki","status":"publish","type":"product","link":"https:\/\/theritestore.com\/en\/proizvod\/body-lotion-bergamot-hinoki\/","title":{"rendered":"Body Lotion \u2013 Bergamot &amp; Hinoki"},"content":{"rendered":"<p>Brzoupijaju\u0107i losion za tijelo oboga\u0107en ekstraktom morske trave i niacinamidom (vitaminom B3) ja\u010da ko\u017enu barijeru te intenzivno hidratizira i njeguje, pritom ostavljaju\u0107i ko\u017eu svilenkastom i mekom, \u0161tite\u0107i ju od vanjskih utjecaja vjetra, sunca i mora.<\/p>\n","protected":false},"excerpt":{"rendered":"<p>Brzoupijaju\u0107i losion za tijelo oboga\u0107en ekstraktom morske trave i niacinamidom (vitaminom B3) ja\u010da ko\u017enu barijeru te intenzivno hidratizira i njeguje, pritom ostavljaju\u0107i ko\u017eu svilenkastom i mekom, \u0161tite\u0107i ju od vanjskih utjecaja vjetra, sunca i mora.<\/p>\n","protected":false},"featured_media":3888,"template":"","meta":[],"product_cat":[15],"product_tag":[],"acf":[],"aioseo_notices":[],"_links":{"self":[{"href":"https:\/\/theritestore.com\/en\/wp-json\/wp\/v2\/product\/3979"}],"collection":[{"href":"https:\/\/theritestore.com\/en\/wp-json\/wp\/v2\/product"}],"about":[{"href":"https:\/\/theritestore.com\/en\/wp-json\/wp\/v2\/types\/product"}],"wp:featuredmedia":[{"embeddable":true,"href":"https:\/\/theritestore.com\/en\/wp-json\/wp\/v2\/media\/3888"}],"wp:attachment":[{"href":"https:\/\/theritestore.com\/en\/wp-json\/wp\/v2\/media?parent=3979"}],"wp:term":[{"taxonomy":"product_cat","embeddable":true,"href":"https:\/\/theritestore.com\/en\/wp-json\/wp\/v2\/product_cat?post=3979"},{"taxonomy":"product_tag","embeddable":true,"href":"https:\/\/theritestore.com\/en\/wp-json\/wp\/v2\/product_tag?post=3979"}],"curies":[{"name":"wp","href":"https:\/\/api.w.org\/{rel}","templated":true}]}}